{"id":3,"date":"2026-01-22T21:10:30","date_gmt":"2026-01-22T21:10:30","guid":{"rendered":"https:\/\/queenzazsportfishing.ca\/?page_id=3"},"modified":"2026-03-04T16:04:03","modified_gmt":"2026-03-04T16:04:03","slug":"politique-de-confidentialite","status":"publish","type":"page","link":"https:\/\/queenzazsportfishing.ca\/en\/politique-de-confidentialite\/","title":{"rendered":"Privacy Policy"},"content":{"rendered":"<div class=\"wpb-content-wrapper\"><div class=\"vc_row wpb_row vc_row-fluid\"><div class=\"wpb_column vc_column_container vc_col-sm-12\"><div class=\"vc_column-inner\"><div class=\"wpb_wrapper\">\n\t<div class=\"wpb_text_column wpb_content_element\" >\n\t\t<div class=\"wpb_wrapper\">\n\t\t\t<p>Last updated: March 4, 2026<\/p>\n<p>\u00a0<\/p>\n<h2 class=\"wp-block-heading\">Person Responsible for the Protection of Personal Information<\/h2>\n<p data-start=\"964\" data-end=\"1065\">QueenZaz SportFishing is responsible for the protection of the personal information it holds.<\/p>\n<p data-start=\"1067\" data-end=\"1143\">The person responsible for the protection of personal information is:<\/p>\n<p data-start=\"1145\" data-end=\"1257\"><strong data-start=\"1145\" data-end=\"1164\">Isabelle Boulet<\/strong><br data-start=\"1164\" data-end=\"1167\" \/>QueenZaz SportFishing<br data-start=\"1188\" data-end=\"1191\" \/>Phone : 263-660-6921<br data-start=\"1215\" data-end=\"1218\" \/>Email : info@queenzazsportfishing.ca <a class=\"decorated-link cursor-pointer\" rel=\"noopener\" data-start=\"1229\" data-end=\"1257\">info@queenzazsportfishing.ca<\/a><\/p>\n<p data-start=\"1259\" data-end=\"1425\">For any questions regarding this policy or the management of your personal information, you may contact us using the information above.<\/p>\n<p><!-- \/wp:post-content -->\u00a0<\/p>\n<p><!-- wp:heading --><\/p>\n<h2 class=\"wp-block-heading\">Personal Information Collected<\/h2>\n<p><!-- \/wp:heading --><\/p>\n<p data-start=\"1572\" data-end=\"1670\">Depending on your interaction with our website, we may collect the following information:<\/p>\n<ul data-start=\"1672\" data-end=\"1877\">\n<li data-section-id=\"1o4byc\" data-start=\"1672\" data-end=\"1677\">\n<p data-start=\"1674\" data-end=\"1677\">Name<\/p>\n<\/li>\n<li data-section-id=\"vd0sau\" data-start=\"1678\" data-end=\"1696\">\n<p data-start=\"1680\" data-end=\"1696\">Email address<\/p>\n<\/li>\n<li data-section-id=\"1s1fqz3\" data-start=\"1697\" data-end=\"1718\">\n<p data-start=\"1699\" data-end=\"1718\">Phone number<\/p>\n<\/li>\n<li data-section-id=\"1g9mzdh\" data-start=\"1719\" data-end=\"1790\">\n<p data-start=\"1721\" data-end=\"1790\">Information provided in a contact or booking request form<\/p>\n<\/li>\n<li data-section-id=\"38hujj\" data-start=\"1791\" data-end=\"1877\">\n<p data-start=\"1793\" data-end=\"1877\">Information related to a booking request (date, selected option, comments)<\/p>\n<\/li>\n<\/ul>\n<p data-start=\"1879\" data-end=\"1928\">This information may be collected when you:<\/p>\n<ul data-start=\"1930\" data-end=\"2078\">\n<li data-section-id=\"18i2ogi\" data-start=\"1930\" data-end=\"1967\">\n<p data-start=\"1932\" data-end=\"1967\">fill out a contact form<\/p>\n<\/li>\n<li data-section-id=\"11fm1j0\" data-start=\"1968\" data-end=\"2006\">\n<p data-start=\"1970\" data-end=\"2006\">submit a booking request<\/p>\n<\/li>\n<li data-section-id=\"19woc9t\" data-start=\"2007\" data-end=\"2043\">\n<p data-start=\"2009\" data-end=\"2043\">communicate with us by email<\/p>\n<\/li>\n<li data-section-id=\"cxix84\" data-start=\"2044\" data-end=\"2078\">\n<p data-start=\"2046\" data-end=\"2078\">interact with our website<\/p>\n<\/li>\n<\/ul>\n<p><!-- \/wp:paragraph -->\u00a0<\/p>\n<p><!-- wp:heading --><\/p>\n<h2 class=\"wp-block-heading\">Use of Personal Information<\/h2>\n<p><!-- \/wp:heading --><\/p>\n<p data-start=\"2133\" data-end=\"2224\">The personal information collected is used only for the following purposes:<\/p>\n<ul data-start=\"2226\" data-end=\"2464\">\n<li data-section-id=\"1fi9xdn\" data-start=\"2226\" data-end=\"2265\">\n<p data-start=\"2228\" data-end=\"2265\">responding to your inquiries<\/p>\n<\/li>\n<li data-section-id=\"1cuxvb5\" data-start=\"2266\" data-end=\"2312\">\n<p data-start=\"2268\" data-end=\"2312\">processing and managing booking requests<\/p>\n<\/li>\n<li data-section-id=\"v8sh84\" data-start=\"2313\" data-end=\"2360\">\n<p data-start=\"2315\" data-end=\"2360\">communicating with you regarding our services<\/p>\n<\/li>\n<li data-section-id=\"1sqne5q\" data-start=\"2361\" data-end=\"2428\">\n<p data-start=\"2363\" data-end=\"2428\">ensuring the proper functioning and improvement of our website<\/p>\n<\/li>\n<li data-section-id=\"16865w3\" data-start=\"2429\" data-end=\"2464\">\n<p data-start=\"2431\" data-end=\"2464\">complying with legal obligations<\/p>\n<\/li>\n<\/ul>\n<p data-start=\"2466\" data-end=\"2581\">We do not use your personal information for commercial or marketing purposes without your consent.<\/p>\n<p><!-- \/wp:paragraph -->\u00a0<\/p>\n<p><!-- wp:heading --><\/p>\n<h2 class=\"wp-block-heading\">Consent<\/h2>\n<p><!-- \/wp:heading --><\/p>\n<p data-start=\"2607\" data-end=\"2781\">By providing your personal information through our website, you consent to its collection and use in accordance with this privacy policy.<\/p>\n<p data-start=\"2783\" data-end=\"2862\">You may withdraw your consent at any time by contacting us.<\/p>\n<p><!-- \/wp:paragraph -->\u00a0<\/p>\n<p><!-- wp:heading --><\/p>\n<h2 class=\"wp-block-heading\">Disclosure of Personal Information<\/h2>\n<p><!-- \/wp:heading --><\/p>\n<p data-start=\"2919\" data-end=\"2990\">We do not sell or rent your personal information to third parties.<\/p>\n<p data-start=\"2992\" data-end=\"3150\">However, certain information may be processed by technology service providers necessary for the operation of our website, including:<\/p>\n<ul data-start=\"3152\" data-end=\"3254\">\n<li data-section-id=\"1p9axyx\" data-start=\"3152\" data-end=\"3184\">\n<p data-start=\"3154\" data-end=\"3184\">web hosting providers<\/p>\n<\/li>\n<li data-section-id=\"1wsoimz\" data-start=\"3185\" data-end=\"3222\">\n<p data-start=\"3187\" data-end=\"3222\">form management services<\/p>\n<\/li>\n<li data-section-id=\"wfvxxn\" data-start=\"3223\" data-end=\"3254\">\n<p data-start=\"3225\" data-end=\"3254\">email service providers<\/p>\n<\/li>\n<\/ul>\n<p data-start=\"3256\" data-end=\"3360\">These providers are required to protect personal information in accordance with applicable laws.<\/p>\n<p data-start=\"3362\" data-end=\"3614\">Some information may be hosted or processed outside Quebec, including by technology providers located in the United States or elsewhere. In such cases, we ensure that appropriate safeguards are in place.<\/p>\n<p><!-- \/wp:paragraph -->\u00a0<\/p>\n<p><!-- wp:heading --><\/p>\n<h2 class=\"wp-block-heading\">Retention of Personal Information<\/h2>\n<p><!-- \/wp:heading --><\/p>\n<p data-start=\"3670\" data-end=\"3871\">Personal information is retained only for the period necessary to fulfill the purposes for which it was collected, unless a longer retention period is required by law.<\/p>\n<p data-start=\"3873\" data-end=\"3993\">When personal information is no longer required, it is securely deleted or anonymized.<\/p>\n<p><!-- \/wp:paragraph -->\u00a0<\/p>\n<p><!-- wp:heading --><\/p>\n<h2 class=\"wp-block-heading\">Security Measures<\/h2>\n<p><!-- \/wp:heading --><\/p>\n<p data-start=\"4026\" data-end=\"4140\">We implement reasonable security measures to protect your personal information against:<\/p>\n<ul data-start=\"4142\" data-end=\"4216\">\n<li data-section-id=\"mb1i5i\" data-start=\"4142\" data-end=\"4164\">\n<p data-start=\"4144\" data-end=\"4164\">unauthorized access<\/p>\n<\/li>\n<li data-section-id=\"b0egwj\" data-start=\"4165\" data-end=\"4175\">\n<p data-start=\"4167\" data-end=\"4175\">loss<\/p>\n<\/li>\n<li data-section-id=\"1r1xo8t\" data-start=\"4176\" data-end=\"4192\">\n<p data-start=\"4178\" data-end=\"4192\">disclosure<\/p>\n<\/li>\n<li data-section-id=\"16exh41\" data-start=\"4193\" data-end=\"4216\">\n<p data-start=\"4195\" data-end=\"4216\">misuse<\/p>\n<\/li>\n<\/ul>\n<p data-start=\"4218\" data-end=\"4250\">These measures include, among others:<\/p>\n<ul data-start=\"4252\" data-end=\"4395\">\n<li data-section-id=\"otjh38\" data-start=\"4252\" data-end=\"4300\">\n<p data-start=\"4254\" data-end=\"4300\">the use of secure connections (HTTPS)<\/p>\n<\/li>\n<li data-section-id=\"11ran86\" data-start=\"4301\" data-end=\"4346\">\n<p data-start=\"4303\" data-end=\"4346\">secure management of data access<\/p>\n<\/li>\n<li data-section-id=\"172wo6a\" data-start=\"4347\" data-end=\"4395\">\n<p data-start=\"4349\" data-end=\"4395\">the use of recognized technological tools<\/p>\n<\/li>\n<\/ul>\n<p><!-- \/wp:paragraph -->\u00a0<\/p>\n<p><!-- wp:heading --><\/p>\n<h2 class=\"wp-block-heading\">Your Rights<\/h2>\n<p><!-- \/wp:heading --><\/p>\n<p data-start=\"4419\" data-end=\"4521\">In accordance with Quebec\u2019s Law 25, you have the following rights regarding your personal information:<\/p>\n<ul data-start=\"4523\" data-end=\"4746\">\n<li data-section-id=\"1n0qotn\" data-start=\"4523\" data-end=\"4570\">\n<p data-start=\"4525\" data-end=\"4570\">the right to access your personal information<\/p>\n<\/li>\n<li data-section-id=\"1mi20er\" data-start=\"4571\" data-end=\"4623\">\n<p data-start=\"4573\" data-end=\"4623\">the right to correct inaccurate information<\/p>\n<\/li>\n<li data-section-id=\"1j2bvup\" data-start=\"4624\" data-end=\"4661\">\n<p data-start=\"4626\" data-end=\"4661\">the right to withdraw your consent<\/p>\n<\/li>\n<li data-section-id=\"1krykvi\" data-start=\"4662\" data-end=\"4746\">\n<p data-start=\"4664\" data-end=\"4746\">the right to request deletion of your personal information where applicable<\/p>\n<\/li>\n<\/ul>\n<p data-start=\"4748\" data-end=\"4826\">To exercise these rights, please contact us at:<\/p>\n<p data-start=\"4828\" data-end=\"4856\"><a class=\"decorated-link cursor-pointer\" rel=\"noopener\" data-start=\"4828\" data-end=\"4856\">info@queenzazsportfishing.ca<\/a><\/p>\n<p data-start=\"4858\" data-end=\"4946\">We may ask you to confirm your identity before processing your request.<\/p>\n<p><!-- \/wp:paragraph -->\u00a0<\/p>\n<p><!-- wp:heading --><\/p>\n<h2 class=\"wp-block-heading\">Cookies<\/h2>\n<p><!-- \/wp:heading --><\/p>\n<p data-start=\"4986\" data-end=\"5120\">Our website uses cookies to improve the browsing experience and analyze the use of our site.<\/p>\n<p data-start=\"5122\" data-end=\"5227\">For more information about the use of cookies, please refer to our Cookie Policy. <a href=\"https:\/\/queenzazsportfishing.ca\/en\/politique-de-temoins\/\">politique de t\u00e9moins<\/a>.<\/p>\n<p><!-- \/wp:paragraph --><\/p>\n<h2>\u00a0<\/h2>\n<h2 class=\"wp-block-heading\">Changes to This Policy<\/h2>\n<p><!-- \/wp:heading --><\/p>\n<p data-start=\"5270\" data-end=\"5439\">We may update this privacy policy at any time to reflect legislative changes or updates to our practices.<\/p>\n<p data-start=\"5441\" data-end=\"5512\">The date of the latest update will always be indicated at the top of this page.<\/p>\n<p data-start=\"5514\" data-end=\"5574\">We encourage you to review this page periodically.<\/p>\n<p><!-- \/wp:paragraph --><\/p>\n<h2>\u00a0<\/h2>\n<h2 class=\"wp-block-heading\">Contact<\/h2>\n<p><!-- \/wp:heading --><\/p>\n<p data-start=\"5596\" data-end=\"5751\">For any questions regarding this privacy policy or the management of your personal information, you may contact us:<\/p>\n<p data-start=\"5753\" data-end=\"5843\">QueenZaz SportFishing<br data-start=\"5774\" data-end=\"5777\" \/>Email : info@queenzazsportfishing.ca <a class=\"decorated-link cursor-pointer\" rel=\"noopener\" data-start=\"5788\" data-end=\"5816\">info@queenzazsportfishing.ca<\/a><br data-start=\"5816\" data-end=\"5819\" \/>Phone : 263-660-6921<\/p>\n\n\t\t<\/div>\n\t<\/div>\n<\/div><\/div><\/div><\/div><\/div>","protected":false},"excerpt":{"rendered":"<p>Derni\u00e8re mise \u00e0 jour : 04 mars 2026 \u00a0 Responsable de la protection des renseignements personnels QueenZaz SportFishing est responsable de la protection des renseignements personnels qu\u2019elle d\u00e9tient. La personne responsable de la protection des renseignements personnels est : Isabelle BouletQueenZaz SportFishingT\u00e9l\u00e9phone : 263-660-6921Courriel : info@queenzazsportfishing.ca Pour toute question concernant la pr\u00e9sente politique ou la&hellip;<\/p>","protected":false},"author":1,"featured_media":0,"parent":0,"menu_order":0,"comment_status":"closed","ping_status":"closed","template":"","meta":{"_monsterinsights_skip_tracking":false,"_monsterinsights_sitenote_active":false,"_monsterinsights_sitenote_note":"","_monsterinsights_sitenote_category":0,"footnotes":""},"class_list":["post-3","page","type-page","status-publish","hentry","description-off"],"aioseo_notices":[],"_links":{"self":[{"href":"https:\/\/queenzazsportfishing.ca\/en\/wp-json\/wp\/v2\/pages\/3","targetHints":{"allow":["GET"]}}],"collection":[{"href":"https:\/\/queenzazsportfishing.ca\/en\/wp-json\/wp\/v2\/pages"}],"about":[{"href":"https:\/\/queenzazsportfishing.ca\/en\/wp-json\/wp\/v2\/types\/page"}],"author":[{"embeddable":true,"href":"https:\/\/queenzazsportfishing.ca\/en\/wp-json\/wp\/v2\/users\/1"}],"replies":[{"embeddable":true,"href":"https:\/\/queenzazsportfishing.ca\/en\/wp-json\/wp\/v2\/comments?post=3"}],"version-history":[{"count":5,"href":"https:\/\/queenzazsportfishing.ca\/en\/wp-json\/wp\/v2\/pages\/3\/revisions"}],"predecessor-version":[{"id":3924,"href":"https:\/\/queenzazsportfishing.ca\/en\/wp-json\/wp\/v2\/pages\/3\/revisions\/3924"}],"wp:attachment":[{"href":"https:\/\/queenzazsportfishing.ca\/en\/wp-json\/wp\/v2\/media?parent=3"}],"curies":[{"name":"wp","href":"https:\/\/api.w.org\/{rel}","templated":true}]}}