{"id":1479,"date":"2019-10-16T16:11:29","date_gmt":"2019-10-16T16:11:29","guid":{"rendered":"https:\/\/queenzazsportfishing.ca\/about\/"},"modified":"2026-03-05T18:23:45","modified_gmt":"2026-03-05T18:23:45","slug":"notre-equipe","status":"publish","type":"page","link":"https:\/\/queenzazsportfishing.ca\/en\/notre-equipe\/","title":{"rendered":"Our Team"},"content":{"rendered":"<div class=\"wpb-content-wrapper\"><div class=\"vc_row wpb_row vc_row-fluid vc_custom_1771949707682\"><div class=\"wpb_column vc_column_container vc_col-sm-10\"><div class=\"vc_column-inner\"><div class=\"wpb_wrapper\">\n\t<div class=\"wpb_text_column wpb_content_element  vc_custom_1772048027476\" >\n\t\t<div class=\"wpb_wrapper\">\n\t\t\t<h2>Passion at the heart of your adventure<\/h2>\n\n\t\t<\/div>\n\t<\/div>\n\n\t<div class=\"wpb_text_column wpb_content_element\" >\n\t\t<div class=\"wpb_wrapper\">\n\t\t\t<p><strong>A dedicated team redefining sport fishing with professionalism, warm hospitality, and attention to detail. Creating unforgettable moments on Lake Ontario \u2014 Living the dream, au large.<\/strong><\/p>\n\n\t\t<\/div>\n\t<\/div>\n<\/div><\/div><\/div><div class=\"wpb_column vc_column_container vc_col-sm-2\"><div class=\"vc_column-inner\"><div class=\"wpb_wrapper\"><\/div><\/div><\/div><\/div><div class=\"vc_row wpb_row vc_row-fluid vc_custom_1771552925674 vc_row-o-content-middle vc_row-flex\"><div class=\"wpb_column vc_column_container vc_col-sm-6\"><div class=\"vc_column-inner vc_custom_1771552902989\"><div class=\"wpb_wrapper\">\n\t<div class=\"wpb_text_column wpb_content_element\" >\n\t\t<div class=\"wpb_wrapper\">\n\t\t\t<p><img loading=\"lazy\" decoding=\"async\" class=\"wp-image-3809 aligncenter\" src=\"https:\/\/queenzazsportfishing.ca\/wp-content\/uploads\/2026\/02\/queenzaz-peche-sportfishing-notre-equipe-isabelle-268x300.jpg\" alt=\"\" width=\"402\" height=\"450\" srcset=\"https:\/\/queenzazsportfishing.ca\/wp-content\/uploads\/2026\/02\/queenzaz-peche-sportfishing-notre-equipe-isabelle-268x300.jpg 268w, https:\/\/queenzazsportfishing.ca\/wp-content\/uploads\/2026\/02\/queenzaz-peche-sportfishing-notre-equipe-isabelle-11x12.jpg 11w, https:\/\/queenzazsportfishing.ca\/wp-content\/uploads\/2026\/02\/queenzaz-peche-sportfishing-notre-equipe-isabelle.jpg 716w\" sizes=\"auto, (max-width: 402px) 100vw, 402px\" \/><\/p>\n\n\t\t<\/div>\n\t<\/div>\n<\/div><\/div><\/div><div class=\"wpb_column vc_column_container vc_col-sm-6\"><div class=\"vc_column-inner vc_custom_1771552909880\"><div class=\"wpb_wrapper\">\n\t<div class=\"wpb_text_column wpb_content_element  vc_custom_1772574658327\" >\n\t\t<div class=\"wpb_wrapper\">\n\t\t\t<h2>Isabelle \u201cZaz\u201d \u00b7 Owner \u00b7 Captain<\/h2>\n\n\t\t<\/div>\n\t<\/div>\n\n\t<div class=\"wpb_text_column wpb_content_element\" >\n\t\t<div class=\"wpb_wrapper\">\n\t\t\t<p><span style=\"font-weight: 400;\">Isabelle Boulet \u2014aka Zaz\u2014 is the strategic driving force and soul of the company. A committed entrepreneur, she shapes the vision, brand, and customer experience with rigor and authenticity. From planning outings to developing the company, she pays attention to every detail to ensure professional, consistent service that meets QueenZaz standards. Determined, she actively contributes to operations on the water as well as to company management, embodying a confident, ambitious, and excellence-oriented approach.<\/span><\/p>\n\n\t\t<\/div>\n\t<\/div>\n<\/div><\/div><\/div><\/div><div class=\"vc_row wpb_row vc_row-fluid reverse-row vc_custom_1772048170114 vc_row-o-content-middle vc_row-flex\"><div class=\"wpb_column vc_column_container vc_col-sm-6\"><div class=\"vc_column-inner vc_custom_1771552902989\"><div class=\"wpb_wrapper\">\n\t<div class=\"wpb_text_column wpb_content_element  vc_custom_1772574700691\" >\n\t\t<div class=\"wpb_wrapper\">\n\t\t\t<h2>Stephan \u00b7 Co-owner \u00b7 Captain \u00b7 Fishing guide<\/h2>\n\n\t\t<\/div>\n\t<\/div>\n\n\t<div class=\"wpb_text_column wpb_content_element\" >\n\t\t<div class=\"wpb_wrapper\">\n\t\t\t<p><span style=\"font-weight: 400;\">A bilingual guide (French\/English), he draws on his in-depth knowledge of the lake, navigation, and fishing techniques to offer safe, structured, and successful expeditions\u2014without ever losing sight of the joy of adventure. From meticulously preparing the boat to coordinating the trip logistics, he ensures a smooth, professional, and hassle-free experience. Passionate and a skilled teacher, he guides anglers of all levels with precision and generosity, from the first cast to the catch, sharing his expertise and experience with genuine enthusiasm. <\/span><\/p>\n\n\t\t<\/div>\n\t<\/div>\n<\/div><\/div><\/div><div class=\"wpb_column vc_column_container vc_col-sm-6\"><div class=\"vc_column-inner vc_custom_1771552909880\"><div class=\"wpb_wrapper\">\n\t<div class=\"wpb_text_column wpb_content_element\" >\n\t\t<div class=\"wpb_wrapper\">\n\t\t\t<p><img loading=\"lazy\" decoding=\"async\" class=\"wp-image-3810 aligncenter\" src=\"https:\/\/queenzazsportfishing.ca\/wp-content\/uploads\/2026\/02\/queenzaz-peche-sportfishing-notre-equipe-stephan-268x300.jpg\" alt=\"\" width=\"402\" height=\"450\" srcset=\"https:\/\/queenzazsportfishing.ca\/wp-content\/uploads\/2026\/02\/queenzaz-peche-sportfishing-notre-equipe-stephan-268x300.jpg 268w, https:\/\/queenzazsportfishing.ca\/wp-content\/uploads\/2026\/02\/queenzaz-peche-sportfishing-notre-equipe-stephan-11x12.jpg 11w, https:\/\/queenzazsportfishing.ca\/wp-content\/uploads\/2026\/02\/queenzaz-peche-sportfishing-notre-equipe-stephan.jpg 716w\" sizes=\"auto, (max-width: 402px) 100vw, 402px\" \/><\/p>\n\n\t\t<\/div>\n\t<\/div>\n<\/div><\/div><\/div><\/div><div data-vc-full-width=\"true\" data-vc-full-width-temp=\"true\" data-vc-full-width-init=\"false\" class=\"vc_row wpb_row vc_row-fluid vc_custom_1772047736915 vc_row-o-equal-height vc_row-o-content-middle vc_row-flex\"><div class=\"wpb_column vc_column_container vc_col-sm-6\"><div class=\"vc_column-inner\"><div class=\"wpb_wrapper\">\n\t<div class=\"wpb_text_column wpb_content_element  vc_custom_1772047649339\" >\n\t\t<div class=\"wpb_wrapper\">\n\t\t\t<p><img loading=\"lazy\" decoding=\"async\" class=\"alignnone wp-image-79\" src=\"https:\/\/queenzazsportfishing.ca\/wp-content\/uploads\/2026\/01\/QueenZaz-Logo-Alt-Cercle-1-Couleurs-300x243.png\" alt=\"\" width=\"401\" height=\"325\" srcset=\"https:\/\/queenzazsportfishing.ca\/wp-content\/uploads\/2026\/01\/QueenZaz-Logo-Alt-Cercle-1-Couleurs-300x243.png 300w, https:\/\/queenzazsportfishing.ca\/wp-content\/uploads\/2026\/01\/QueenZaz-Logo-Alt-Cercle-1-Couleurs-1024x829.png 1024w, https:\/\/queenzazsportfishing.ca\/wp-content\/uploads\/2026\/01\/QueenZaz-Logo-Alt-Cercle-1-Couleurs-768x622.png 768w, https:\/\/queenzazsportfishing.ca\/wp-content\/uploads\/2026\/01\/QueenZaz-Logo-Alt-Cercle-1-Couleurs-1536x1244.png 1536w, https:\/\/queenzazsportfishing.ca\/wp-content\/uploads\/2026\/01\/QueenZaz-Logo-Alt-Cercle-1-Couleurs-2048x1658.png 2048w, https:\/\/queenzazsportfishing.ca\/wp-content\/uploads\/2026\/01\/QueenZaz-Logo-Alt-Cercle-1-Couleurs-15x12.png 15w\" sizes=\"auto, (max-width: 401px) 100vw, 401px\" \/><\/p>\n\n\t\t<\/div>\n\t<\/div>\n<\/div><\/div><\/div><div class=\"wpb_column vc_column_container vc_col-sm-6\"><div class=\"vc_column-inner\"><div class=\"wpb_wrapper\">\n\t<div class=\"wpb_text_column wpb_content_element  vc_custom_1772046952616\" >\n\t\t<div class=\"wpb_wrapper\">\n\t\t\t<h2 style=\"text-align: left;\">Our Vision<\/h2>\n\n\t\t<\/div>\n\t<\/div>\n\n\t<div class=\"wpb_text_column wpb_content_element  vc_custom_1772574752915\" >\n\t\t<div class=\"wpb_wrapper\">\n\t\t\t<p data-start=\"333\" data-end=\"610\">At QueenZaz SportFishing, fishing on Lake Ontario is about so much more than just the catch. We believe in providing a complete experience\u2014from the moment you arrive at the dock to the careful handling of your catch, every detail is carefully thought out to create a memorable moment on the water.<\/p>\n<p data-start=\"612\" data-end=\"790\">Professionalism, safety, top-of-the-line equipment, and a friendly atmosphere: our team goes above and beyond to ensure your day is much more than just a fishing trip.<\/p>\n<p data-start=\"792\" data-end=\"924\">We offer a variety of options designed to provide you with an adventure tailored to your skill level and expectations.<\/p>\n\n\t\t<\/div>\n\t<\/div>\n<style type=\"text\/css\" data-type=\"the7_shortcodes-inline-css\">#default-btn-2fc31d0f4f47194c825e29a52e881dff {\n  border-radius: 5px;\n  font-size: 16px;\n  line-height: 18px;\n}\n.btn-shadow#default-btn-2fc31d0f4f47194c825e29a52e881dff {\n  box-shadow: 0 1px 6px rgba(0,0,0,0.12);\n  transition: box-shadow 0.2s ease-out, opacity 0.45s;\n}\n.btn-shadow#default-btn-2fc31d0f4f47194c825e29a52e881dff:hover {\n  box-shadow: 0 5px 11px 0 rgba(0,0,0,0.18), 0 4px 15px 0 rgba(0,0,0,0.15);\n}\n.btn-flat#default-btn-2fc31d0f4f47194c825e29a52e881dff {\n  box-shadow: none;\n}\n.btn-flat#default-btn-2fc31d0f4f47194c825e29a52e881dff:hover {\n  box-shadow: none;\n}\n#default-btn-2fc31d0f4f47194c825e29a52e881dff.ico-right-side > i {\n  margin-right: 0px;\n  margin-left: 8px;\n}\n#default-btn-2fc31d0f4f47194c825e29a52e881dff > i {\n  margin-right: 8px;\n  font-size: 16px;\n}\n#default-btn-2fc31d0f4f47194c825e29a52e881dff:not(:hover) {\n  border-width: 0px;\n  color: #ffffff;\n  padding: 19px 13px 19px 13px;\n}\n#default-btn-2fc31d0f4f47194c825e29a52e881dff:not(:hover) * {\n  color: #ffffff;\n}\n#default-btn-2fc31d0f4f47194c825e29a52e881dff:hover {\n  border-width: 0px;\n  color: #ffffff;\n  padding: 19px 13px 19px 13px;\n}\n#default-btn-2fc31d0f4f47194c825e29a52e881dff:hover * {\n  color: #ffffff;\n}\n#default-btn-2fc31d0f4f47194c825e29a52e881dff.ico-right-side > i {\n  margin-right: 0px;\n  margin-left: 8px;\n}\n#default-btn-2fc31d0f4f47194c825e29a52e881dff > i {\n  margin-right: 8px;\n}<\/style><div class=\"btn-align-left\"><a href=\"https:\/\/queenzazsportfishing.ca\/en\/experience-et-forfaits\/\" class=\"default-btn-shortcode dt-btn link-hover-off btn-flat\" id=\"default-btn-2fc31d0f4f47194c825e29a52e881dff\" title=\"L\u2019exp\u00e9rience\"><span>Discover the experience and packages<\/span><\/a><\/div><\/div><\/div><\/div><\/div><div class=\"vc_row-full-width vc_clearfix\"><\/div><!-- Row Backgrounds --><div class=\"upb_color\" data-bg-override=\"0\" data-bg-color=\"#E6E6E6\" data-fadeout=\"\" data-fadeout-percentage=\"30\" data-parallax-content=\"\" data-parallax-content-sense=\"30\" data-row-effect-mobile-disable=\"true\" data-img-parallax-mobile-disable=\"true\" data-rtl=\"false\"  data-custom-vc-row=\"\"  data-vc=\"8.7.2\"  data-is_old_vc=\"\"  data-theme-support=\"\"   data-overlay=\"false\" data-overlay-color=\"\" data-overlay-pattern=\"\" data-overlay-pattern-opacity=\"\" data-overlay-pattern-size=\"\"    ><\/div><div data-vc-full-width=\"true\" data-vc-full-width-temp=\"true\" data-vc-full-width-init=\"false\" class=\"vc_row wpb_row vc_row-fluid vc_custom_1771447049209 vc_row-o-equal-height vc_row-flex\"><div class=\"wpb_column vc_column_container vc_col-sm-2\"><div class=\"vc_column-inner\"><div class=\"wpb_wrapper\"><\/div><\/div><\/div><div class=\"wpb_column vc_column_container vc_col-sm-8\"><div class=\"vc_column-inner\"><div class=\"wpb_wrapper\">\n\t<div class=\"wpb_text_column wpb_content_element  vc_custom_1770740785433\" >\n\t\t<div class=\"wpb_wrapper\">\n\t\t\t<h2 style=\"text-align: center;\">Come and enjoy an unforgettable experience with our team!<\/h2>\n\n\t\t<\/div>\n\t<\/div>\n\n\t<div class=\"wpb_text_column wpb_content_element  vc_custom_1771552591866\" >\n\t\t<div class=\"wpb_wrapper\">\n\t\t\t<h4 style=\"text-align: center;\">Ready to experience QueenZaz SportFishing?<br \/>\nEnjoy an exceptional day of fishing with a passionate team on Lake Ontario.<\/h4>\n\n\t\t<\/div>\n\t<\/div>\n<style type=\"text\/css\" data-type=\"the7_shortcodes-inline-css\">#default-btn-6a127bb77ae37676e81ecac4d442c806 {\n  border-radius: 5px;\n  font-size: 16px;\n  line-height: 18px;\n}\n.btn-shadow#default-btn-6a127bb77ae37676e81ecac4d442c806 {\n  box-shadow: 0 1px 6px rgba(0,0,0,0.12);\n  transition: box-shadow 0.2s ease-out, opacity 0.45s;\n}\n.btn-shadow#default-btn-6a127bb77ae37676e81ecac4d442c806:hover {\n  box-shadow: 0 5px 11px 0 rgba(0,0,0,0.18), 0 4px 15px 0 rgba(0,0,0,0.15);\n}\n.btn-flat#default-btn-6a127bb77ae37676e81ecac4d442c806 {\n  box-shadow: none;\n}\n.btn-flat#default-btn-6a127bb77ae37676e81ecac4d442c806:hover {\n  box-shadow: none;\n}\n#default-btn-6a127bb77ae37676e81ecac4d442c806.ico-right-side > i {\n  margin-right: 0px;\n  margin-left: 8px;\n}\n#default-btn-6a127bb77ae37676e81ecac4d442c806 > i {\n  margin-right: 8px;\n  font-size: 16px;\n}\n#default-btn-6a127bb77ae37676e81ecac4d442c806:not(:hover) {\n  border-width: 0px;\n  color: #ffffff;\n  padding: 19px 13px 19px 13px;\n}\n#default-btn-6a127bb77ae37676e81ecac4d442c806:not(:hover) * {\n  color: #ffffff;\n}\n#default-btn-6a127bb77ae37676e81ecac4d442c806:hover {\n  border-width: 0px;\n  color: #ffffff;\n  padding: 19px 13px 19px 13px;\n}\n#default-btn-6a127bb77ae37676e81ecac4d442c806:hover * {\n  color: #ffffff;\n}\n#default-btn-6a127bb77ae37676e81ecac4d442c806.ico-right-side > i {\n  margin-right: 0px;\n  margin-left: 8px;\n}\n#default-btn-6a127bb77ae37676e81ecac4d442c806 > i {\n  margin-right: 8px;\n}<\/style><div class=\"btn-align-center\"><a href=\"https:\/\/queenzazsportfishing.ca\/en\/contact-et-reservation\/\" class=\"default-btn-shortcode dt-btn link-hover-off btn-flat\" id=\"default-btn-6a127bb77ae37676e81ecac4d442c806\" title=\"Contact & r\u00e9servation\"><span>Submit a booking request<\/span><\/a><\/div><\/div><\/div><\/div><div class=\"wpb_column vc_column_container vc_col-sm-2\"><div class=\"vc_column-inner\"><div class=\"wpb_wrapper\"><\/div><\/div><\/div><\/div><div class=\"vc_row-full-width vc_clearfix\"><\/div><!-- Row Backgrounds --><div class=\"upb_color\" data-bg-override=\"0\" data-bg-color=\"#82AFCD\" data-fadeout=\"\" data-fadeout-percentage=\"30\" data-parallax-content=\"\" data-parallax-content-sense=\"30\" data-row-effect-mobile-disable=\"true\" data-img-parallax-mobile-disable=\"true\" data-rtl=\"false\"  data-custom-vc-row=\"\"  data-vc=\"8.7.2\"  data-is_old_vc=\"\"  data-theme-support=\"\"   data-overlay=\"false\" data-overlay-color=\"\" data-overlay-pattern=\"\" data-overlay-pattern-opacity=\"\" data-overlay-pattern-size=\"\"    ><\/div>\n<\/div>","protected":false},"excerpt":{"rendered":"<p>Des passionn\u00e9s au c\u0153ur de votre aventure Une \u00e9quipe engag\u00e9e qui fait vivre la p\u00eache sportive autrement, avec rigueur, accueil chaleureux et souci du d\u00e9tail. Cr\u00e9er des moments uniques sur le lac Ontario \u2014 Living the dream, au large. Isabelle \u201cZaz\u201d \u00b7 Propri\u00e9taire \u00b7 Capitaine Isabelle Boulet \u2014 alias Zaz \u2014 est le moteur strat\u00e9gique&hellip;<\/p>","protected":false},"author":1,"featured_media":0,"parent":0,"menu_order":10,"comment_status":"closed","ping_status":"closed","template":"","meta":{"_monsterinsights_skip_tracking":false,"_monsterinsights_sitenote_active":false,"_monsterinsights_sitenote_note":"","_monsterinsights_sitenote_category":0,"footnotes":""},"class_list":["post-1479","page","type-page","status-publish","hentry","description-off"],"aioseo_notices":[],"_links":{"self":[{"href":"https:\/\/queenzazsportfishing.ca\/en\/wp-json\/wp\/v2\/pages\/1479","targetHints":{"allow":["GET"]}}],"collection":[{"href":"https:\/\/queenzazsportfishing.ca\/en\/wp-json\/wp\/v2\/pages"}],"about":[{"href":"https:\/\/queenzazsportfishing.ca\/en\/wp-json\/wp\/v2\/types\/page"}],"author":[{"embeddable":true,"href":"https:\/\/queenzazsportfishing.ca\/en\/wp-json\/wp\/v2\/users\/1"}],"replies":[{"embeddable":true,"href":"https:\/\/queenzazsportfishing.ca\/en\/wp-json\/wp\/v2\/comments?post=1479"}],"version-history":[{"count":16,"href":"https:\/\/queenzazsportfishing.ca\/en\/wp-json\/wp\/v2\/pages\/1479\/revisions"}],"predecessor-version":[{"id":3940,"href":"https:\/\/queenzazsportfishing.ca\/en\/wp-json\/wp\/v2\/pages\/1479\/revisions\/3940"}],"wp:attachment":[{"href":"https:\/\/queenzazsportfishing.ca\/en\/wp-json\/wp\/v2\/media?parent=1479"}],"curies":[{"name":"wp","href":"https:\/\/api.w.org\/{rel}","templated":true}]}}